{"id":324,"date":"2025-06-09T13:08:38","date_gmt":"2025-06-09T11:08:38","guid":{"rendered":"https:\/\/kaouennservicesecurite.fr\/?page_id=324"},"modified":"2025-08-25T18:14:18","modified_gmt":"2025-08-25T16:14:18","slug":"mentions-legales","status":"publish","type":"page","link":"https:\/\/kaouennservicesecurite.fr\/?page_id=324","title":{"rendered":"Mentions l\u00e9gales"},"content":{"rendered":"<p>[et_pb_section fb_built=&#8221;1&#8243; _builder_version=&#8221;4.27.4&#8243; _module_preset=&#8221;default&#8221; global_colors_info=&#8221;{}&#8221;][et_pb_row _builder_version=&#8221;4.27.4&#8243; _module_preset=&#8221;default&#8221; global_colors_info=&#8221;{}&#8221;][et_pb_column type=&#8221;4_4&#8243; _builder_version=&#8221;4.27.4&#8243; _module_preset=&#8221;default&#8221; global_colors_info=&#8221;{}&#8221;][et_pb_post_title meta=&#8221;off&#8221; _builder_version=&#8221;4.27.4&#8243; _module_preset=&#8221;default&#8221; title_font=&#8221;&#8211;et_global_body_font|800|||||||&#8221; title_text_color=&#8221;#F9C049&#8243; title_font_size=&#8221;30px&#8221; global_colors_info=&#8221;{}&#8221;][\/et_pb_post_title][\/et_pb_column][\/et_pb_row][et_pb_row _builder_version=&#8221;4.27.4&#8243; _module_preset=&#8221;default&#8221; global_colors_info=&#8221;{}&#8221;][et_pb_column type=&#8221;4_4&#8243; _builder_version=&#8221;4.27.4&#8243; _module_preset=&#8221;default&#8221; global_colors_info=&#8221;{}&#8221;][et_pb_text _builder_version=&#8221;4.27.4&#8243; _module_preset=&#8221;default&#8221; text_font=&#8221;&#8211;et_global_body_font|800|||||||&#8221; text_text_color=&#8221;#F9C049&#8243; text_font_size=&#8221;20px&#8221; global_colors_info=&#8221;{}&#8221;]<\/p>\n<p>Editeur :<\/p>\n<p>[\/et_pb_text][\/et_pb_column][\/et_pb_row][et_pb_row _builder_version=&#8221;4.27.4&#8243; _module_preset=&#8221;default&#8221; global_colors_info=&#8221;{}&#8221;][et_pb_column type=&#8221;4_4&#8243; _builder_version=&#8221;4.27.4&#8243; _module_preset=&#8221;default&#8221; global_colors_info=&#8221;{}&#8221;][et_pb_text _builder_version=&#8221;4.27.4&#8243; _module_preset=&#8221;default&#8221; text_font=&#8221;&#8211;et_global_body_font|600|||||||&#8221; text_text_color=&#8221;#6B1237&#8243; custom_padding=&#8221;0px|||||&#8221; global_colors_info=&#8221;{}&#8221;]<\/p>\n<p>Le site <a href=\"kaouennservicesecurite.fr\"><span style=\"color: #f9c049;\"><strong>kaouennservicesecurite.fr<\/strong><\/span><\/a> est la propri\u00e9t\u00e9 exclusive de <strong><span style=\"color: #f9c049;\">KAOUENN SERVICE SECURITE<\/span><\/strong> , qui l&#8217;\u00e9dite.<\/p>\n<p><strong><span><span style=\"color: #f9c049;\">KAOUENN SERVICE SECURITE<\/span>\u00a0 <\/span><\/strong>au capital de<strong> 1000<\/strong><strong><span>\u00a0<\/span><\/strong>\u20ac T\u00e9l\u00a0 :<span style=\"color: #f9c049;\">\u00a0<strong>06 85 52 30 23\u00a0<\/strong><\/span><\/p>\n<p><span style=\"color: #6b1237;\"><strong>7 Boulevard Lelasseur, 44000 Nantes <\/strong><\/span><\/p>\n<p>Immatricul\u00e9e au Registre du Commerce et des Soci\u00e9t\u00e9s de\u00a0 NANTES<strong><span>\u00a0<\/span><\/strong>sous le num\u00e9ro<span style=\"color: #f9c049;\"><strong> 939 469 540\u00a0<\/strong><\/span><\/p>\n<p>Num\u00e9ro TVA intracommunautaire :<span>\u00a0<\/span><span style=\"color: #f9c049;\"><strong>FR09939469540<\/strong><\/span><br \/>Adresse de courrier \u00e9lectronique :<strong><span style=\"color: #f9c049;\"> kaouenn.service@gmail.com<\/span><\/strong><br \/>Directeur de la\u00a0 publication\u00a0:<span style=\"color: #f9c049;\"><strong>\u00a0KAOUENN SERVICE SECURITE<\/strong><\/span><br \/>Contactez le responsable de la publication <strong>: <span style=\"color: #f9c049;\">kaouenn.service@gmail.com<\/span><\/strong><\/p>\n<p>[\/et_pb_text][\/et_pb_column][\/et_pb_row][et_pb_row _builder_version=&#8221;4.27.4&#8243; _module_preset=&#8221;default&#8221; global_colors_info=&#8221;{}&#8221;][et_pb_column type=&#8221;4_4&#8243; _builder_version=&#8221;4.27.4&#8243; _module_preset=&#8221;default&#8221; global_colors_info=&#8221;{}&#8221;][et_pb_text _builder_version=&#8221;4.27.4&#8243; _module_preset=&#8221;default&#8221; text_font=&#8221;&#8211;et_global_body_font|800|||||||&#8221; text_text_color=&#8221;#F9C049&#8243; text_font_size=&#8221;20px&#8221; global_colors_info=&#8221;{}&#8221;]<\/p>\n<p>H\u00e9bergement :\u00a0<\/p>\n<p>[\/et_pb_text][\/et_pb_column][\/et_pb_row][et_pb_row _builder_version=&#8221;4.27.4&#8243; _module_preset=&#8221;default&#8221; global_colors_info=&#8221;{}&#8221;][et_pb_column type=&#8221;4_4&#8243; _builder_version=&#8221;4.27.4&#8243; _module_preset=&#8221;default&#8221; global_colors_info=&#8221;{}&#8221;][et_pb_text _builder_version=&#8221;4.27.4&#8243; _module_preset=&#8221;default&#8221; text_font=&#8221;&#8211;et_global_body_font|600|||||||&#8221; text_text_color=&#8221;#6B1237&#8243; global_colors_info=&#8221;{}&#8221;]<\/p>\n<p>Le site est h\u00e9berg\u00e9 par\u00a0 la SAS OVH, 2 rue Kellerman , 59100 Roubaix<\/p>\n<p>[\/et_pb_text][\/et_pb_column][\/et_pb_row][et_pb_row _builder_version=&#8221;4.27.4&#8243; _module_preset=&#8221;default&#8221; global_colors_info=&#8221;{}&#8221;][et_pb_column type=&#8221;4_4&#8243; _builder_version=&#8221;4.27.4&#8243; _module_preset=&#8221;default&#8221; global_colors_info=&#8221;{}&#8221;][et_pb_text _builder_version=&#8221;4.27.4&#8243; _module_preset=&#8221;default&#8221; text_font=&#8221;&#8211;et_global_body_font|800|||||||&#8221; text_text_color=&#8221;#F9C049&#8243; text_font_size=&#8221;20px&#8221; global_colors_info=&#8221;{}&#8221;]<\/p>\n<p>Descriptions des services fournis :\u00a0<\/p>\n<p>[\/et_pb_text][\/et_pb_column][\/et_pb_row][et_pb_row _builder_version=&#8221;4.27.4&#8243; _module_preset=&#8221;default&#8221; global_colors_info=&#8221;{}&#8221;][et_pb_column type=&#8221;4_4&#8243; _builder_version=&#8221;4.27.4&#8243; _module_preset=&#8221;default&#8221; global_colors_info=&#8221;{}&#8221;][et_pb_text _builder_version=&#8221;4.27.4&#8243; _module_preset=&#8221;default&#8221; text_font=&#8221;&#8211;et_global_body_font|600|||||||&#8221; text_text_color=&#8221;#6B1237&#8243; global_colors_info=&#8221;{}&#8221;]<\/p>\n<p><span>Le site\u00a0<\/span><a href=\"kaouennservicesecurite.fr\"><strong><span style=\"color: #f9c049;\">kaouennservicesecurite.fr<\/span><\/strong><\/a><span> a pour objet de fournir une information concernant l\u2019ensemble des activit\u00e9s de la soci\u00e9t\u00e9. Le propri\u00e9taire du site s\u2019efforce de fournir sur le site<a href=\"kaouennservicesecurite.fr\"><strong> <span style=\"color: #f9c049;\">kaouennservicesecurite.fr <\/span><\/strong><\/a><\/span><span>\u00a0des informations aussi pr\u00e9cises que possible. Toutefois, il ne pourra \u00eatre tenue responsable des omissions, des inexactitudes et des carences dans la mise \u00e0 jour, qu\u2019elles soient de son fait ou du fait des tiers partenaires qui lui fournissent ces informations. Toutes les informations propos\u00e9es sur le site<a href=\"kaouennservicesecurite.fr\"><strong><span style=\"color: #f9c049;\"> kaouennservicesecurite.fr<\/span><\/strong><\/a><\/span><strong><a href=\"https:\/\/www.agpsecurite.fr\/\" target=\"_blank\" rel=\"noopener\"><\/a><\/strong><span><strong>\u00a0<\/strong>sont donn\u00e9es \u00e0 titre indicatif, sont non exhaustives, et sont susceptibles d\u2019\u00e9voluer. Elles sont donn\u00e9es sous r\u00e9serve de modifications ayant \u00e9t\u00e9 apport\u00e9es depuis leur mise en ligne.\u00a0\u00a0<\/span><\/p>\n<p>[\/et_pb_text][\/et_pb_column][\/et_pb_row][et_pb_row _builder_version=&#8221;4.27.4&#8243; _module_preset=&#8221;default&#8221; global_colors_info=&#8221;{}&#8221;][et_pb_column type=&#8221;4_4&#8243; _builder_version=&#8221;4.27.4&#8243; _module_preset=&#8221;default&#8221; global_colors_info=&#8221;{}&#8221;][et_pb_text _builder_version=&#8221;4.27.4&#8243; _module_preset=&#8221;default&#8221; text_font=&#8221;&#8211;et_global_body_font|800|||||||&#8221; text_text_color=&#8221;#F9C049&#8243; text_font_size=&#8221;20px&#8221; global_colors_info=&#8221;{}&#8221;]<\/p>\n<p>Propri\u00e9t\u00e9 intellectuelle et contrefa\u00e7ons :\u00a0<\/p>\n<p>[\/et_pb_text][\/et_pb_column][\/et_pb_row][et_pb_row _builder_version=&#8221;4.27.4&#8243; _module_preset=&#8221;default&#8221; global_colors_info=&#8221;{}&#8221;][et_pb_column type=&#8221;4_4&#8243; _builder_version=&#8221;4.27.4&#8243; _module_preset=&#8221;default&#8221; global_colors_info=&#8221;{}&#8221;][et_pb_text _builder_version=&#8221;4.27.4&#8243; _module_preset=&#8221;default&#8221; text_font=&#8221;&#8211;et_global_body_font|600|||||||&#8221; text_text_color=&#8221;#6B1237&#8243; global_colors_info=&#8221;{}&#8221;]<\/p>\n<p><span>Le propri\u00e9taire du site est propri\u00e9taire des droits de propri\u00e9t\u00e9 intellectuelle ou d\u00e9tient les droits d\u2019usage sur tous les \u00e9l\u00e9ments accessibles sur le site, notamment les textes, images, graphismes, logo, ic\u00f4nes, sons, logiciels\u2026 Toute reproduction, repr\u00e9sentation, modification, publication, adaptation totale ou partielle des \u00e9l\u00e9ments du site, quel que soit le moyen ou le proc\u00e9d\u00e9 utilis\u00e9, est interdite, sauf autorisation \u00e9crite pr\u00e9alable \u00e0 l&#8217;email : <span style=\"color: #f9c049;\"><strong>kaouenn.service@gmail.com<\/strong><\/span> . Toute exploitation non autoris\u00e9e du site ou de l\u2019un quelconque de ces \u00e9l\u00e9ments qu\u2019il contient sera consid\u00e9r\u00e9e comme constitutive d\u2019une contrefa\u00e7on et poursuivie conform\u00e9ment aux dispositions des articles L.335-2 et suivants du Code de Propri\u00e9t\u00e9 Intellectuelle. \u00a0<\/span><\/p>\n<p>[\/et_pb_text][\/et_pb_column][\/et_pb_row][et_pb_row _builder_version=&#8221;4.27.4&#8243; _module_preset=&#8221;default&#8221; global_colors_info=&#8221;{}&#8221;][et_pb_column type=&#8221;4_4&#8243; _builder_version=&#8221;4.27.4&#8243; _module_preset=&#8221;default&#8221; global_colors_info=&#8221;{}&#8221;][et_pb_text _builder_version=&#8221;4.27.4&#8243; _module_preset=&#8221;default&#8221; text_font=&#8221;&#8211;et_global_body_font|800|||||||&#8221; text_text_color=&#8221;#F9C049&#8243; text_font_size=&#8221;20px&#8221; global_colors_info=&#8221;{}&#8221;]<\/p>\n<p>Liens hypertextes et cookies :<\/p>\n<p>[\/et_pb_text][\/et_pb_column][\/et_pb_row][et_pb_row _builder_version=&#8221;4.27.4&#8243; _module_preset=&#8221;default&#8221; global_colors_info=&#8221;{}&#8221;][et_pb_column type=&#8221;4_4&#8243; _builder_version=&#8221;4.27.4&#8243; _module_preset=&#8221;default&#8221; global_colors_info=&#8221;{}&#8221;][et_pb_text _builder_version=&#8221;4.27.4&#8243; _module_preset=&#8221;default&#8221; text_font=&#8221;&#8211;et_global_body_font|600|||||||&#8221; text_text_color=&#8221;#6B1237&#8243; global_colors_info=&#8221;{}&#8221;]<\/p>\n<p><span>Le site <a href=\"kaouennservicesecurite.fr\"><span style=\"color: #f9c049;\"><strong>kaouennservicesecurite.fr <\/strong><\/span><\/a><\/span><span>contient un certain nombre de liens hypertextes vers d\u2019autres sites (partenaires, informations \u2026) mis en place avec l\u2019autorisation de le propri\u00e9taire du site . Cependant, le propri\u00e9taire du site n\u2019a pas la possibilit\u00e9 de v\u00e9rifier le contenu des sites ainsi visit\u00e9s\u00a0 et d\u00e9cline donc toute responsabilit\u00e9 de ce fait quand aux risques \u00e9ventuels de contenus illicites. L\u2019utilisateur est inform\u00e9 que lors de ses visites sur le site <a href=\"kaouennservicesecurite.fr\"><span style=\"color: #f9c049;\"><strong>kaouennservicesecurite.fr<\/strong><\/span><\/a><\/span><span>, un ou des cookies sont susceptible de s\u2019installer automatiquement sur son ordinateur. Un cookie est un fichier de petite taille, qui ne permet pas l\u2019identification de l\u2019utilisateur, mais qui enregistre des informations relatives \u00e0 la navigation d\u2019un ordinateur sur un site. Les donn\u00e9es ainsi obtenues visent \u00e0 faciliter la navigation ult\u00e9rieure sur le site, et ont \u00e9galement vocation \u00e0 permettre diverses mesures de fr\u00e9quentation. Le param\u00e9trage du logiciel de navigation permet d\u2019informer de la pr\u00e9sence de cookie et \u00e9ventuellement, de refuser de la mani\u00e8re d\u00e9crite \u00e0 l\u2019adresse suivante : <a href=\"www.cnil.fr\"><span style=\"color: #f9c049;\"><strong>www.cnil.fr<\/strong><\/span><\/a> Le refus d\u2019installation d\u2019un cookie peut entra\u00eener l\u2019impossibilit\u00e9 d\u2019acc\u00e9der \u00e0 certains services.<\/span><\/p>\n<p>[\/et_pb_text][\/et_pb_column][\/et_pb_row][et_pb_row _builder_version=&#8221;4.27.4&#8243; _module_preset=&#8221;default&#8221; global_colors_info=&#8221;{}&#8221;][et_pb_column type=&#8221;4_4&#8243; _builder_version=&#8221;4.27.4&#8243; _module_preset=&#8221;default&#8221; global_colors_info=&#8221;{}&#8221;][et_pb_text _builder_version=&#8221;4.27.4&#8243; _module_preset=&#8221;default&#8221; text_font=&#8221;&#8211;et_global_body_font|800|||||||&#8221; text_text_color=&#8221;#F9C049&#8243; text_font_size=&#8221;20px&#8221; global_colors_info=&#8221;{}&#8221;]<\/p>\n<p>Protection des biens et des personnes &#8211; Gestion des donn\u00e9es personnelles :\u00a0<\/p>\n<p>[\/et_pb_text][\/et_pb_column][\/et_pb_row][et_pb_row _builder_version=&#8221;4.27.4&#8243; _module_preset=&#8221;default&#8221; global_colors_info=&#8221;{}&#8221;][et_pb_column type=&#8221;4_4&#8243; _builder_version=&#8221;4.27.4&#8243; _module_preset=&#8221;default&#8221; global_colors_info=&#8221;{}&#8221;][et_pb_text _builder_version=&#8221;4.27.4&#8243; _module_preset=&#8221;default&#8221; text_font=&#8221;&#8211;et_global_body_font|600|||||||&#8221; text_text_color=&#8221;#6B1237&#8243; global_colors_info=&#8221;{}&#8221;]<\/p>\n<p>Utilisateur : Internaute se connectant, utilisant le site susnomm\u00e9 :<span><span style=\"color: #f9c049;\"><strong> kaouennservicesecurite.fr<\/strong><\/span>. <\/span>En France, les donn\u00e9es personnelles sont notamment prot\u00e9g\u00e9es par la loi n\u00b0 78-87 du 6 janvier 1978, la loi n\u00b0 2004-801 du 6 ao\u00fbt 2004, l&#8217;article L. 226-13 du Code p\u00e9nal et la Directive Europ\u00e9enne du 24 octobre 1995.<\/p>\n<p>Sur le site <span style=\"color: #f9c049;\"><strong>kaouennservicesecurite.fr<\/strong><\/span>, le propri\u00e9taire du site ne collecte des informations personnelles relatives \u00e0 l&#8217;utilisateur que pour le besoin de certains services propos\u00e9s par le site<span>\u00a0<\/span><span style=\"color: #f9c049;\"><strong><a href=\"https:\/\/www.agpsecurite.fr\/\" target=\"_blank\" rel=\"noopener\" style=\"color: #f9c049;\">kaouennservicesecurite.fr<\/a><\/strong><\/span>. L&#8217;utilisateur fournit ces informations en toute connaissance de cause, notamment lorsqu&#8217;il proc\u00e8de par lui-m\u00eame \u00e0 leur saisie. Il est alors pr\u00e9cis\u00e9 \u00e0 l&#8217;utilisateur du site<span>\u00a0<\/span><span style=\"color: #f9c049;\"><strong><a href=\"https:\/\/www.agpsecurite.fr\/\" target=\"_blank\" rel=\"noopener\" style=\"color: #f9c049;\">kaouennservicesecurite.fr<\/a><\/strong><\/span><span>\u00a0<\/span>l\u2019obligation ou non de fournir ces informations. Conform\u00e9ment aux dispositions des articles 38 et suivants de la loi 78-17 du 6 janvier 1978 relative \u00e0 l\u2019informatique, aux fichiers et aux libert\u00e9s, tout utilisateur dispose d\u2019un droit d\u2019acc\u00e8s, de rectification, de suppression et d\u2019opposition aux donn\u00e9es personnelles le concernant. Pour l\u2019exercer, adressez votre demande \u00e0<span>\u00a0<\/span><span style=\"color: #f9c049;\"><strong><a href=\"https:\/\/www.agpsecurite.fr\/\" target=\"_blank\" rel=\"noopener\" style=\"color: #f9c049;\">kaouennservicesecurite.fr<\/a><\/strong><\/span><span>\u00a0<\/span>par email : email du webmaster ou\u00a0 en effectuant sa demande \u00e9crite et sign\u00e9e, accompagn\u00e9e d\u2019une copie du titre d\u2019identit\u00e9 avec signature du titulaire de la pi\u00e8ce, en pr\u00e9cisant l\u2019adresse \u00e0 laquelle la r\u00e9ponse doit \u00eatre envoy\u00e9e.<\/p>\n<p>Aucune information personnelle de l&#8217;utilisateur du site<span style=\"color: #f9c049;\"><strong> kaouennservicesecurite.fr<\/strong><\/span><span>\u00a0<\/span>n&#8217;est publi\u00e9e \u00e0 l&#8217;insu de l&#8217;utilisateur, \u00e9chang\u00e9e, transf\u00e9r\u00e9e, c\u00e9d\u00e9e ou vendue sur un support quelconque \u00e0 des tiers. Seule l&#8217;hypoth\u00e8se du rachat du site <span style=\"color: #f9c049;\"><strong>kaouennservicesecurite.fr<\/strong><\/span><span>\u00a0<\/span>\u00e0 le propri\u00e9taire du site et de ses droits permettrait la transmission des dites informations \u00e0 l&#8217;\u00e9ventuel acqu\u00e9reur qui serait \u00e0 son tour tenu de la m\u00eame obligation de conservation et de modification des donn\u00e9es vis \u00e0 vis de l&#8217;utilisateur du site<span style=\"color: #f9c049;\"><strong>\u00a0<a href=\"https:\/\/www.agpsecurite.fr\/\" target=\"_blank\" rel=\"noopener\" style=\"color: #f9c049;\">kaouennservicesecurite.fr<\/a><\/strong><\/span>.<\/p>\n<p>Le site<span>\u00a0<\/span><span style=\"color: #f9c049;\"><strong><a href=\"https:\/\/www.agpsecurite.fr\/\" target=\"_blank\" rel=\"noopener\" style=\"color: #f9c049;\">kaouennservicesecurite.fr<\/a><\/strong><\/span><span>\u00a0<\/span>est en conformit\u00e9 avec le RGPD.<\/p>\n<p>Les bases de donn\u00e9es sont prot\u00e9g\u00e9es par les dispositions de la loi du 1er juillet 1998 transposant la directive 96\/9 du 11 mars 1996 relative \u00e0 la protection juridique des bases de donn\u00e9es.<\/p>\n<p>[\/et_pb_text][\/et_pb_column][\/et_pb_row][\/et_pb_section][et_pb_section fb_built=&#8221;1&#8243; _builder_version=&#8221;4.27.4&#8243; _module_preset=&#8221;default&#8221; global_colors_info=&#8221;{}&#8221;][et_pb_row _builder_version=&#8221;4.27.4&#8243; _module_preset=&#8221;default&#8221; global_colors_info=&#8221;{}&#8221;][et_pb_column type=&#8221;4_4&#8243; _builder_version=&#8221;4.27.4&#8243; _module_preset=&#8221;default&#8221; global_colors_info=&#8221;{}&#8221;][et_pb_text _builder_version=&#8221;4.27.4&#8243; _module_preset=&#8221;default&#8221; text_font=&#8221;&#8211;et_global_body_font|800|on||||||&#8221; text_text_color=&#8221;#6B1237&#8243; text_font_size=&#8221;13px&#8221; text_line_height=&#8221;1em&#8221; background_color=&#8221;#FFFFFF&#8221; text_orientation=&#8221;center&#8221; custom_margin=&#8221;-3px|||||&#8221; border_width_top=&#8221;1px&#8221; border_color_top=&#8221;#F9C049&#8243; inline_fonts=&#8221;Open Sans&#8221; global_colors_info=&#8221;{}&#8221;]<\/p>\n<p class=\"cvGsUA direction-ltr align-justify para-style-body\"><span style=\"font-size: small; font-family: 'Open Sans'; font-weight: normal; color: #f9c049;\"><strong><span class=\"OYPEnA font-feature-liga-off font-feature-clig-off font-feature-calt-off text-decoration-none text-strikethrough-none\"><\/span><\/strong><\/span><\/p>\n<p class=\"cvGsUA direction-ltr align-justify para-style-body\"><span style=\"font-size: small; font-family: 'Open Sans'; font-weight: normal; color: #f9c049;\"><strong><span class=\"OYPEnA font-feature-liga-off font-feature-clig-off font-feature-calt-off text-decoration-none text-strikethrough-none\"><\/span><\/strong><\/span><\/p>\n<p class=\"cvGsUA direction-ltr align-justify para-style-body\"><span style=\"font-size: small; font-family: 'Open Sans'; font-weight: normal; color: #f9c049;\"><strong><span class=\"OYPEnA font-feature-liga-off font-feature-clig-off font-feature-calt-off text-decoration-none text-strikethrough-none\">SARL au capital de 1000\u20ac immatricul\u00e9e au R.C.S.<\/span><span class=\"OYPEnA font-feature-liga-off font-feature-clig-off font-feature-calt-off text-decoration-none text-strikethrough-none\">de Nantes sous le n\u00b0939 469 54<\/span><\/strong><\/span><\/p>\n<p class=\"cvGsUA direction-ltr align-justify para-style-body\"><span style=\"font-size: small; font-family: 'Open Sans'; font-weight: normal; color: #f9c049;\"><strong><span class=\"OYPEnA font-feature-liga-off font-feature-clig-off font-feature-calt-off text-decoration-none text-strikethrough-none\">AUT-044-2124-02-20-20250973259<\/span><\/strong><\/span><\/p>\n<p class=\"cvGsUA direction-ltr align-justify para-style-body\"><span class=\"OYPEnA font-feature-liga-off font-feature-clig-off font-feature-calt-off text-decoration-none text-strikethrough-none\"><\/span><span class=\"OYPEnA font-feature-liga-off font-feature-clig-off font-feature-calt-off text-decoration-none text-strikethrough-none\">L&#8217;autorisation d&#8217;exercice ne conf\u00e8re aucune pr\u00e9rogative de puissance publique \u00e0 l&#8217;entreprise ou aux personnes qui en b\u00e9n\u00e9ficient.<\/span><\/p>\n<p>[\/et_pb_text][\/et_pb_column][\/et_pb_row][\/et_pb_section]<\/p>\n","protected":false},"excerpt":{"rendered":"<p>Editeur :Le site kaouennservicesecurite.fr est la propri\u00e9t\u00e9 exclusive de KAOUENN SERVICE SECURITE , qui l&#8217;\u00e9dite. KAOUENN SERVICE SECURITE\u00a0 au capital de 1000\u00a0\u20ac T\u00e9l\u00a0 :\u00a006 85 52 30 23\u00a0 7 Boulevard Lelasseur, 44000 Nantes Immatricul\u00e9e au Registre du Commerce et des Soci\u00e9t\u00e9s de\u00a0 NANTES\u00a0sous le num\u00e9ro 939 469 540\u00a0 Num\u00e9ro TVA intracommunautaire :\u00a0FR09939469540Adresse de courrier \u00e9lectronique [&hellip;]<\/p>\n","protected":false},"author":1,"featured_media":0,"parent":0,"menu_order":0,"comment_status":"closed","ping_status":"closed","template":"","meta":{"_et_pb_use_builder":"on","_et_pb_old_content":"","_et_gb_content_width":"","footnotes":""},"class_list":["post-324","page","type-page","status-publish","hentry"],"_links":{"self":[{"href":"https:\/\/kaouennservicesecurite.fr\/index.php?rest_route=\/wp\/v2\/pages\/324","targetHints":{"allow":["GET"]}}],"collection":[{"href":"https:\/\/kaouennservicesecurite.fr\/index.php?rest_route=\/wp\/v2\/pages"}],"about":[{"href":"https:\/\/kaouennservicesecurite.fr\/index.php?rest_route=\/wp\/v2\/types\/page"}],"author":[{"embeddable":true,"href":"https:\/\/kaouennservicesecurite.fr\/index.php?rest_route=\/wp\/v2\/users\/1"}],"replies":[{"embeddable":true,"href":"https:\/\/kaouennservicesecurite.fr\/index.php?rest_route=%2Fwp%2Fv2%2Fcomments&post=324"}],"version-history":[{"count":13,"href":"https:\/\/kaouennservicesecurite.fr\/index.php?rest_route=\/wp\/v2\/pages\/324\/revisions"}],"predecessor-version":[{"id":356,"href":"https:\/\/kaouennservicesecurite.fr\/index.php?rest_route=\/wp\/v2\/pages\/324\/revisions\/356"}],"wp:attachment":[{"href":"https:\/\/kaouennservicesecurite.fr\/index.php?rest_route=%2Fwp%2Fv2%2Fmedia&parent=324"}],"curies":[{"name":"wp","href":"https:\/\/api.w.org\/{rel}","templated":true}]}}