{"id":22,"date":"2025-05-29T13:17:52","date_gmt":"2025-05-29T11:17:52","guid":{"rendered":"https:\/\/kaouennservicesecurite.fr\/?page_id=22"},"modified":"2025-12-09T12:55:55","modified_gmt":"2025-12-09T11:55:55","slug":"demande-de-devis","status":"publish","type":"page","link":"https:\/\/kaouennservicesecurite.fr\/?page_id=22","title":{"rendered":"Demande de devis"},"content":{"rendered":"<p>[et_pb_section fb_built=&#8221;1&#8243; _builder_version=&#8221;4.27.4&#8243; _module_preset=&#8221;default&#8221; global_colors_info=&#8221;{}&#8221;][et_pb_row _builder_version=&#8221;4.27.4&#8243; _module_preset=&#8221;default&#8221; custom_margin=&#8221;|auto|-3px|auto||&#8221; global_colors_info=&#8221;{}&#8221;][et_pb_column type=&#8221;4_4&#8243; _builder_version=&#8221;4.27.4&#8243; _module_preset=&#8221;default&#8221; global_colors_info=&#8221;{}&#8221;][et_pb_image src=&#8221;http:\/\/kaouennservicesecurite.fr\/wp-content\/uploads\/2025\/05\/Logo-rectangle-3-scaled.png&#8221; title_text=&#8221;Logo-rectangle-3&#8243; _builder_version=&#8221;4.27.4&#8243; _module_preset=&#8221;default&#8221; min_height=&#8221;392.3px&#8221; custom_margin=&#8221;||-121px|||&#8221; global_colors_info=&#8221;{}&#8221;][\/et_pb_image][\/et_pb_column][\/et_pb_row][et_pb_row _builder_version=&#8221;4.27.4&#8243; _module_preset=&#8221;default&#8221; global_colors_info=&#8221;{}&#8221;][et_pb_column type=&#8221;4_4&#8243; _builder_version=&#8221;4.27.4&#8243; _module_preset=&#8221;default&#8221; global_colors_info=&#8221;{}&#8221;][et_pb_contact_form _builder_version=&#8221;4.27.4&#8243; _module_preset=&#8221;default&#8221; _unique_id=&#8221;0f26ea39-9b11-41fc-aad2-572c1c3b4a1c&#8221; title_font=&#8221;&#8211;et_global_body_font||||||||&#8221; title_text_color=&#8221;#6B1237&#8243; captcha_font=&#8221;&#8211;et_global_body_font|700|||||||&#8221; captcha_text_color=&#8221;#6B1237&#8243; captcha_font_size=&#8221;17px&#8221; custom_button=&#8221;on&#8221; button_text_color=&#8221;#6B1237&#8243; button_bg_color=&#8221;#F9C049&#8243; button_border_color=&#8221;#F9C049&#8243; button_font=&#8221;&#8211;et_global_body_font|700|||||||&#8221; button_icon_color=&#8221;#6B1237&#8243; box_shadow_style=&#8221;preset3&#8243; box_shadow_style_button=&#8221;preset2&#8243; global_colors_info=&#8221;{}&#8221;][et_pb_contact_field field_id=&#8221;Nom&#8221; field_title=&#8221;Votre Nom ou Soci\u00e9t\u00e9&#8221; _builder_version=&#8221;4.27.4&#8243; form_field_background_color=&#8221;#F9C049&#8243; form_field_text_color=&#8221;#6B1237&#8243; form_field_font=&#8221;&#8211;et_global_body_font|700|||||||&#8221; form_field_text_align=&#8221;left&#8221; form_field_font_size=&#8221;17px&#8221; global_colors_info=&#8221;{}&#8221; button_text_size__hover_enabled=&#8221;off&#8221; button_one_text_size__hover_enabled=&#8221;off&#8221; button_two_text_size__hover_enabled=&#8221;off&#8221; button_text_color__hover_enabled=&#8221;off&#8221; button_one_text_color__hover_enabled=&#8221;off&#8221; button_two_text_color__hover_enabled=&#8221;off&#8221; button_border_width__hover_enabled=&#8221;off&#8221; button_one_border_width__hover_enabled=&#8221;off&#8221; button_two_border_width__hover_enabled=&#8221;off&#8221; button_border_color__hover_enabled=&#8221;off&#8221; button_one_border_color__hover_enabled=&#8221;off&#8221; button_two_border_color__hover_enabled=&#8221;off&#8221; button_border_radius__hover_enabled=&#8221;off&#8221; button_one_border_radius__hover_enabled=&#8221;off&#8221; button_two_border_radius__hover_enabled=&#8221;off&#8221; button_letter_spacing__hover_enabled=&#8221;off&#8221; button_one_letter_spacing__hover_enabled=&#8221;off&#8221; button_two_letter_spacing__hover_enabled=&#8221;off&#8221; button_bg_color__hover_enabled=&#8221;off&#8221; button_one_bg_color__hover_enabled=&#8221;off&#8221; button_two_bg_color__hover_enabled=&#8221;off&#8221;][\/et_pb_contact_field][et_pb_contact_field field_id=&#8221;choix_de_la_prestation&#8221; field_title=&#8221;choix de la  prestation &#8221; field_type=&#8221;select&#8221; select_options=&#8221;%91{%22value%22:%22Service de s\u00e9curit\u00e9 partag\u00e9e %22,%22checked%22:0,%22dragID%22:-1},{%22value%22:%22Surveillance g\u00e9n\u00e9rale et gardiennage %22,%22checked%22:0,%22dragID%22:0},{%22value%22:%22S\u00e9curit\u00e9 \u00e9v\u00e9nementielle %22,%22checked%22:0,%22dragID%22:1}%93&#8243; fullwidth_field=&#8221;on&#8221; _builder_version=&#8221;4.27.4&#8243; _module_preset=&#8221;default&#8221; form_field_background_color=&#8221;#F9C049&#8243; form_field_text_color=&#8221;#6B1237&#8243; form_field_font=&#8221;&#8211;et_global_body_font|700|||||||&#8221; form_field_font_size=&#8221;17px&#8221; global_colors_info=&#8221;{}&#8221;][\/et_pb_contact_field][et_pb_contact_field field_id=&#8221;Email&#8221; field_title=&#8221;Adresse e-mail&#8221; field_type=&#8221;email&#8221; _builder_version=&#8221;4.27.4&#8243; form_field_background_color=&#8221;#F9C049&#8243; form_field_text_color=&#8221;#6B1237&#8243; form_field_font=&#8221;&#8211;et_global_body_font|700|||||||&#8221; form_field_font_size=&#8221;17px&#8221; global_colors_info=&#8221;{}&#8221; button_text_size__hover_enabled=&#8221;off&#8221; button_one_text_size__hover_enabled=&#8221;off&#8221; button_two_text_size__hover_enabled=&#8221;off&#8221; button_text_color__hover_enabled=&#8221;off&#8221; button_one_text_color__hover_enabled=&#8221;off&#8221; button_two_text_color__hover_enabled=&#8221;off&#8221; button_border_width__hover_enabled=&#8221;off&#8221; button_one_border_width__hover_enabled=&#8221;off&#8221; button_two_border_width__hover_enabled=&#8221;off&#8221; button_border_color__hover_enabled=&#8221;off&#8221; button_one_border_color__hover_enabled=&#8221;off&#8221; button_two_border_color__hover_enabled=&#8221;off&#8221; button_border_radius__hover_enabled=&#8221;off&#8221; button_one_border_radius__hover_enabled=&#8221;off&#8221; button_two_border_radius__hover_enabled=&#8221;off&#8221; button_letter_spacing__hover_enabled=&#8221;off&#8221; button_one_letter_spacing__hover_enabled=&#8221;off&#8221; button_two_letter_spacing__hover_enabled=&#8221;off&#8221; button_bg_color__hover_enabled=&#8221;off&#8221; button_one_bg_color__hover_enabled=&#8221;off&#8221; button_two_bg_color__hover_enabled=&#8221;off&#8221;][\/et_pb_contact_field][et_pb_contact_field field_id=&#8221;Message&#8221; field_title=&#8221;Message&#8221; field_type=&#8221;text&#8221; fullwidth_field=&#8221;on&#8221; _builder_version=&#8221;4.27.4&#8243; form_field_background_color=&#8221;#F9C049&#8243; form_field_text_color=&#8221;#6B1237&#8243; form_field_font=&#8221;&#8211;et_global_body_font|700|||||||&#8221; form_field_font_size=&#8221;17px&#8221; global_colors_info=&#8221;{}&#8221; button_text_size__hover_enabled=&#8221;off&#8221; button_one_text_size__hover_enabled=&#8221;off&#8221; button_two_text_size__hover_enabled=&#8221;off&#8221; button_text_color__hover_enabled=&#8221;off&#8221; button_one_text_color__hover_enabled=&#8221;off&#8221; button_two_text_color__hover_enabled=&#8221;off&#8221; button_border_width__hover_enabled=&#8221;off&#8221; button_one_border_width__hover_enabled=&#8221;off&#8221; button_two_border_width__hover_enabled=&#8221;off&#8221; button_border_color__hover_enabled=&#8221;off&#8221; button_one_border_color__hover_enabled=&#8221;off&#8221; button_two_border_color__hover_enabled=&#8221;off&#8221; button_border_radius__hover_enabled=&#8221;off&#8221; button_one_border_radius__hover_enabled=&#8221;off&#8221; button_two_border_radius__hover_enabled=&#8221;off&#8221; button_letter_spacing__hover_enabled=&#8221;off&#8221; button_one_letter_spacing__hover_enabled=&#8221;off&#8221; button_two_letter_spacing__hover_enabled=&#8221;off&#8221; button_bg_color__hover_enabled=&#8221;off&#8221; button_one_bg_color__hover_enabled=&#8221;off&#8221; button_two_bg_color__hover_enabled=&#8221;off&#8221;][\/et_pb_contact_field][\/et_pb_contact_form][\/et_pb_column][\/et_pb_row][\/et_pb_section][et_pb_section fb_built=&#8221;1&#8243; _builder_version=&#8221;4.27.4&#8243; _module_preset=&#8221;default&#8221; global_colors_info=&#8221;{}&#8221;][et_pb_row _builder_version=&#8221;4.27.4&#8243; _module_preset=&#8221;default&#8221; global_colors_info=&#8221;{}&#8221;][et_pb_column type=&#8221;4_4&#8243; _builder_version=&#8221;4.27.4&#8243; _module_preset=&#8221;default&#8221; global_colors_info=&#8221;{}&#8221;][et_pb_toggle title=&#8221;Contact&#8221; open_toggle_text_color=&#8221;#F9C049&#8243; open_toggle_background_color=&#8221;#6B1237&#8243; closed_toggle_text_color=&#8221;#F9C049&#8243; closed_toggle_background_color=&#8221;#6B1237&#8243; icon_color=&#8221;#F9C049&#8243; open_icon_color=&#8221;#F9C049&#8243; _builder_version=&#8221;4.27.4&#8243; _module_preset=&#8221;default&#8221; title_text_color=&#8221;#F9C049&#8243; title_level=&#8221;h1&#8243; title_font=&#8221;&#8211;et_global_body_font|800||on|||||&#8221; title_text_align=&#8221;center&#8221; title_font_size=&#8221;30px&#8221; closed_title_font=&#8221;&#8211;et_global_body_font|800|||||||&#8221; closed_title_text_align=&#8221;center&#8221; closed_title_font_size=&#8221;30px&#8221; body_font=&#8221;&#8211;et_global_body_font|800|||||||&#8221; body_text_color=&#8221;#F9C049&#8243; body_font_size=&#8221;17px&#8221; text_orientation=&#8221;center&#8221; width=&#8221;79.8%&#8221; max_width=&#8221;79%&#8221; module_alignment=&#8221;center&#8221; min_height=&#8221;71.4px&#8221; custom_margin=&#8221;0px|||||&#8221; custom_padding=&#8221;|45px||76px||&#8221; border_style_all=&#8221;none&#8221; border_style_bottom=&#8221;none&#8221; border_color_left=&#8221;#FFFFFF&#8221; border_style_left=&#8221;none&#8221; global_colors_info=&#8221;{}&#8221;]<\/p>\n<p style=\"text-align: center;\"><strong>7 Boulevard Lelasseur , 44000 Nantes<\/strong><\/p>\n<p style=\"text-align: center;\"><strong>06 85 52 30 23<\/strong><\/p>\n<p style=\"text-align: center;\"><span style=\"color: #f9c049;\"><a href=\"kaouenn.service@gmail.com\" style=\"color: #f9c049;\"><b>kaouenn.service@gmail.com<\/b><\/a><\/span><\/p>\n<p>[\/et_pb_toggle][\/et_pb_column][\/et_pb_row][et_pb_row _builder_version=&#8221;4.27.4&#8243; _module_preset=&#8221;default&#8221; global_colors_info=&#8221;{}&#8221;][et_pb_column type=&#8221;4_4&#8243; _builder_version=&#8221;4.27.4&#8243; _module_preset=&#8221;default&#8221; global_colors_info=&#8221;{}&#8221;][et_pb_text _builder_version=&#8221;4.27.4&#8243; _module_preset=&#8221;default&#8221; text_font=&#8221;&#8211;et_global_body_font|800|on||||||&#8221; text_text_color=&#8221;#6B1237&#8243; text_font_size=&#8221;13px&#8221; text_line_height=&#8221;1em&#8221; background_color=&#8221;#FFFFFF&#8221; text_orientation=&#8221;center&#8221; custom_margin=&#8221;-3px|||||&#8221; border_width_top=&#8221;1px&#8221; border_color_top=&#8221;#F9C049&#8243; inline_fonts=&#8221;Open Sans&#8221; global_colors_info=&#8221;{}&#8221;]<\/p>\n<p class=\"cvGsUA direction-ltr align-justify para-style-body\"><span style=\"font-size: small; font-family: 'Open Sans'; font-weight: normal; color: #f9c049;\"><strong><span class=\"OYPEnA font-feature-liga-off font-feature-clig-off font-feature-calt-off text-decoration-none text-strikethrough-none\"><\/span><\/strong><\/span><\/p>\n<p class=\"cvGsUA direction-ltr align-justify para-style-body\"><span style=\"font-size: small; font-family: 'Open Sans'; font-weight: normal; color: #f9c049;\"><strong><span class=\"OYPEnA font-feature-liga-off font-feature-clig-off font-feature-calt-off text-decoration-none text-strikethrough-none\"><\/span><\/strong><\/span><\/p>\n<p class=\"cvGsUA direction-ltr align-justify para-style-body\"><span style=\"font-size: small; font-family: 'Open Sans'; font-weight: normal; color: #f9c049;\"><strong><span class=\"OYPEnA font-feature-liga-off font-feature-clig-off font-feature-calt-off text-decoration-none text-strikethrough-none\">SARL au capital de 1000\u20ac immatricul\u00e9e au R.C.S.<\/span><span class=\"OYPEnA font-feature-liga-off font-feature-clig-off font-feature-calt-off text-decoration-none text-strikethrough-none\">de Nantes sous le n\u00b0939 469 540<\/span><\/strong><\/span><\/p>\n<p class=\"cvGsUA direction-ltr align-justify para-style-body\"><span style=\"font-size: small; font-family: 'Open Sans'; font-weight: normal; color: #f9c049;\"><strong><span class=\"OYPEnA font-feature-liga-off font-feature-clig-off font-feature-calt-off text-decoration-none text-strikethrough-none\">AUT-044-2124-02-20-20250973259<\/span><\/strong><\/span><\/p>\n<p class=\"cvGsUA direction-ltr align-justify para-style-body\"><span class=\"OYPEnA font-feature-liga-off font-feature-clig-off font-feature-calt-off text-decoration-none text-strikethrough-none\"><\/span><span class=\"OYPEnA font-feature-liga-off font-feature-clig-off font-feature-calt-off text-decoration-none text-strikethrough-none\">L&#8217;autorisation d&#8217;exercice ne conf\u00e8re aucune pr\u00e9rogative de puissance publique \u00e0 l&#8217;entreprise ou aux personnes qui en b\u00e9n\u00e9ficient.<\/span><\/p>\n<p>[\/et_pb_text][\/et_pb_column][\/et_pb_row][\/et_pb_section]<\/p>\n","protected":false},"excerpt":{"rendered":"<p>7 Boulevard Lelasseur , 44000 Nantes 06 85 52 30 23 kaouenn.service@gmail.com SARL au capital de 1000\u20ac immatricul\u00e9e au R.C.S.de Nantes sous le n\u00b0939 469 540 AUT-044-2124-02-20-20250973259 L&#8217;autorisation d&#8217;exercice ne conf\u00e8re aucune pr\u00e9rogative de puissance publique \u00e0 l&#8217;entreprise ou aux personnes qui en b\u00e9n\u00e9ficient.<\/p>\n","protected":false},"author":1,"featured_media":0,"parent":0,"menu_order":0,"comment_status":"closed","ping_status":"closed","template":"","meta":{"_et_pb_use_builder":"on","_et_pb_old_content":"<!-- wp:divi\/placeholder \/-->","_et_gb_content_width":"","footnotes":""},"class_list":["post-22","page","type-page","status-publish","hentry"],"_links":{"self":[{"href":"https:\/\/kaouennservicesecurite.fr\/index.php?rest_route=\/wp\/v2\/pages\/22","targetHints":{"allow":["GET"]}}],"collection":[{"href":"https:\/\/kaouennservicesecurite.fr\/index.php?rest_route=\/wp\/v2\/pages"}],"about":[{"href":"https:\/\/kaouennservicesecurite.fr\/index.php?rest_route=\/wp\/v2\/types\/page"}],"author":[{"embeddable":true,"href":"https:\/\/kaouennservicesecurite.fr\/index.php?rest_route=\/wp\/v2\/users\/1"}],"replies":[{"embeddable":true,"href":"https:\/\/kaouennservicesecurite.fr\/index.php?rest_route=%2Fwp%2Fv2%2Fcomments&post=22"}],"version-history":[{"count":13,"href":"https:\/\/kaouennservicesecurite.fr\/index.php?rest_route=\/wp\/v2\/pages\/22\/revisions"}],"predecessor-version":[{"id":360,"href":"https:\/\/kaouennservicesecurite.fr\/index.php?rest_route=\/wp\/v2\/pages\/22\/revisions\/360"}],"wp:attachment":[{"href":"https:\/\/kaouennservicesecurite.fr\/index.php?rest_route=%2Fwp%2Fv2%2Fmedia&parent=22"}],"curies":[{"name":"wp","href":"https:\/\/api.w.org\/{rel}","templated":true}]}}