{"id":20,"date":"2025-05-29T13:17:28","date_gmt":"2025-05-29T11:17:28","guid":{"rendered":"https:\/\/kaouennservicesecurite.fr\/?page_id=20"},"modified":"2026-02-02T19:08:19","modified_gmt":"2026-02-02T18:08:19","slug":"nos-offres","status":"publish","type":"page","link":"https:\/\/kaouennservicesecurite.fr\/?page_id=20","title":{"rendered":"Nos offres"},"content":{"rendered":"<p>[et_pb_section fb_built=&#8221;1&#8243; _builder_version=&#8221;4.27.4&#8243; _module_preset=&#8221;default&#8221; custom_padding=&#8221;54px|||||&#8221; global_colors_info=&#8221;{}&#8221;][et_pb_row _builder_version=&#8221;4.27.4&#8243; _module_preset=&#8221;default&#8221; min_height=&#8221;47px&#8221; global_colors_info=&#8221;{}&#8221;][et_pb_column type=&#8221;4_4&#8243; _builder_version=&#8221;4.27.4&#8243; _module_preset=&#8221;default&#8221; global_colors_info=&#8221;{}&#8221;][et_pb_text _builder_version=&#8221;4.27.4&#8243; _module_preset=&#8221;default&#8221; ul_font=&#8221;&#8211;et_global_body_font||||||||&#8221; ul_text_align=&#8221;center&#8221; ul_text_color=&#8221;#F9C049&#8243; min_height=&#8221;50px&#8221; custom_margin=&#8221;3px|||||&#8221; custom_padding=&#8221;3px||0px|||&#8221; inline_fonts=&#8221;Open Sans&#8221; global_colors_info=&#8221;{}&#8221;]<\/p>\n<h1 style=\"text-align: center;\"><span style=\"color: #f9c049;\"><strong><span style=\"font-family: 'Open Sans';\">\u00a0Service de S\u00e9curit\u00e9 partag\u00e9e\u00a0<\/span><\/strong><\/span><\/h1>\n<p>[\/et_pb_text][\/et_pb_column][\/et_pb_row][et_pb_row column_structure=&#8221;1_3,2_3&#8243; _builder_version=&#8221;4.27.4&#8243; _module_preset=&#8221;default&#8221; min_height=&#8221;146.4px&#8221; custom_margin=&#8221;-31px|auto||auto||&#8221; custom_padding=&#8221;21px|||||&#8221; global_colors_info=&#8221;{}&#8221;][et_pb_column type=&#8221;1_3&#8243; _builder_version=&#8221;4.27.4&#8243; _module_preset=&#8221;default&#8221; global_colors_info=&#8221;{}&#8221;][et_pb_image src=&#8221;http:\/\/kaouennservicesecurite.fr\/wp-content\/uploads\/2025\/05\/Capture-decran-2025-05-29-165058.png&#8221; title_text=&#8221;Capture d&#8217;\u00e9cran 2025-05-29 165058&#8243; _builder_version=&#8221;4.27.4&#8243; _module_preset=&#8221;default&#8221; min_height=&#8221;247.5px&#8221; custom_margin=&#8221;||-7px|||&#8221; global_colors_info=&#8221;{}&#8221;][\/et_pb_image][\/et_pb_column][et_pb_column type=&#8221;2_3&#8243; _builder_version=&#8221;4.27.4&#8243; _module_preset=&#8221;default&#8221; global_colors_info=&#8221;{}&#8221;][et_pb_text _builder_version=&#8221;4.27.4&#8243; _module_preset=&#8221;default&#8221; text_font=&#8221;&#8211;et_global_body_font||||||||&#8221; min_height=&#8221;63.2px&#8221; custom_padding=&#8221;||0px|||&#8221; global_colors_info=&#8221;{}&#8221;]<\/p>\n<h4><strong><span style=\"color: #800000;\"><\/span><\/strong><\/h4>\n<h4><strong><span style=\"color: #800000;\"><\/span><\/strong><\/h4>\n<h4><strong><span style=\"color: #800000;\"><\/span><\/strong><\/h4>\n<p><strong><span style=\"color: #800000;\"><\/span><\/strong><\/p>\n<p><strong><span style=\"color: #800000;\"><\/span><\/strong><\/p>\n<h4><strong><span style=\"color: #800000;\">Notre domaine d&#8217;expertise, seule entreprise du grand ouest \u00e0 proposer ce type de prestation.<\/span><\/strong><\/h4>\n<h4><strong><span style=\"color: #800000;\">Cette offre est destin\u00e9 au commerce de proximit\u00e9, de jour comme de nuit.<\/span><\/strong><\/h4>\n<h4><strong><span style=\"color: #800000;\">Partagez un service de s\u00e9curit\u00e9 avec vos voisins pour une meilleure gestion des \u00e9v\u00e8nements et une globalisation de la s\u00e9curit\u00e9. Devenez acteur de votre s\u00e9curit\u00e9 et de celle de vos clients.<\/span><\/strong><\/h4>\n<p>[\/et_pb_text][\/et_pb_column][\/et_pb_row][et_pb_row _builder_version=&#8221;4.27.4&#8243; _module_preset=&#8221;default&#8221; title_text=&#8221;Site Internet&#8221; background_image=&#8221;http:\/\/kaouennservicesecurite.fr\/wp-content\/uploads\/2026\/02\/Site-Internet.png&#8221; hover_enabled=&#8221;0&#8243; sticky_enabled=&#8221;0&#8243; custom_margin=&#8221;5px|auto|5px|auto|true|&#8221; custom_padding=&#8221;||251px|||&#8221; min_height=&#8221;731px&#8221;][et_pb_column _builder_version=&#8221;4.27.4&#8243; _module_preset=&#8221;default&#8221; type=&#8221;4_4&#8243;][\/et_pb_column][\/et_pb_row][et_pb_row column_structure=&#8221;1_2,1_2&#8243; _builder_version=&#8221;4.27.4&#8243; _module_preset=&#8221;default&#8221; global_colors_info=&#8221;{}&#8221;][et_pb_column type=&#8221;1_2&#8243; _builder_version=&#8221;4.27.4&#8243; _module_preset=&#8221;default&#8221; global_colors_info=&#8221;{}&#8221;][et_pb_blurb title=&#8221;Surveillance g\u00e9n\u00e9rale et gardiennage &#8221; image=&#8221;http:\/\/kaouennservicesecurite.fr\/wp-content\/uploads\/2025\/06\/7-mockup-KAOUENN-scaled.jpg&#8221; _builder_version=&#8221;4.27.4&#8243; _module_preset=&#8221;default&#8221; header_level=&#8221;h1&#8243; header_font=&#8221;&#8211;et_global_body_font|700|||||||&#8221; header_text_align=&#8221;center&#8221; header_text_color=&#8221;#F9C049&#8243; body_font=&#8221;&#8211;et_global_body_font||||||||&#8221; body_text_color=&#8221;#6B1237&#8243; body_font_size=&#8221;17px&#8221; text_orientation=&#8221;center&#8221; global_colors_info=&#8221;{}&#8221;]<\/p>\n<p><strong>\u00a0La s\u00e9curit\u00e9 de votre entreprise compte. Kaouenn Service S\u00e9curit\u00e9 vous propose une r\u00e9ponse adapt\u00e9e \u00e0 tout type de demande , mettant en place les moyens humains et techniques r\u00e9pondant \u00e0 vos besoins :\u00a0<\/strong><\/p>\n<p><strong>Agents de s\u00e9curit\u00e9<\/strong><\/p>\n<p><strong>Agents de s\u00e9curit\u00e9 incendie<\/strong><\/p>\n<p><strong>Agents cynophiles<\/strong><\/p>\n<p><strong>Vid\u00e9osurveillance<\/strong><\/p>\n<p><strong><\/strong><\/p>\n<p>[\/et_pb_blurb][\/et_pb_column][et_pb_column type=&#8221;1_2&#8243; _builder_version=&#8221;4.27.4&#8243; _module_preset=&#8221;default&#8221; global_colors_info=&#8221;{}&#8221;][et_pb_blurb title=&#8221;S\u00e9curit\u00e9 \u00e9v\u00e9nementielle &#8221; image=&#8221;http:\/\/kaouennservicesecurite.fr\/wp-content\/uploads\/2025\/06\/8-mockup-KAOUENN.jpg&#8221; _builder_version=&#8221;4.27.4&#8243; _module_preset=&#8221;default&#8221; header_level=&#8221;h1&#8243; header_font=&#8221;&#8211;et_global_body_font|700|||||||&#8221; header_text_align=&#8221;center&#8221; header_text_color=&#8221;#F9C049&#8243; body_font=&#8221;|700|||||||&#8221; body_text_color=&#8221;#6B1237&#8243; body_font_size=&#8221;17px&#8221; body_ul_font=&#8221;&#8211;et_global_body_font||||||||&#8221; body_ul_text_color=&#8221;#6B1237&#8243; text_orientation=&#8221;center&#8221; border_radii_image=&#8221;off||||&#8221; global_colors_info=&#8221;{}&#8221;]<\/p>\n<p style=\"text-align: center;\"><strong>Vous organisez un \u00e9v\u00e9nement ( concert, gala,\u00a0 march\u00e9, festival, &#8230; ) et vous avez besoin d&#8217;une \u00e9quipe de s\u00e9curit\u00e9 ? <\/strong><\/p>\n<p style=\"text-align: center;\"><strong>Kaouenn Service S\u00e9curit\u00e9 s&#8217;occupe de tout ; <\/strong><strong>r\u00e9unions de pr\u00e9paration \/ commission de s\u00e9curit\u00e9, anticipation des besoins et des risques, contr\u00f4le d&#8217;acc\u00e8s et accueil du public, gestion de conflit, assistances aux personnes,\u00a0 surveillance et gardiennage,&#8230; <\/strong><\/p>\n<p style=\"text-align: center;\"><strong>Nous serons l\u00e0 pour tout ce qui concerne la s\u00e9curit\u00e9 et la s\u00fbret\u00e9 lors de votre \u00e9v\u00e9nement, en amont et pendant les festivit\u00e9s. <\/strong><strong>Vous pourrez compter sur notre professionnalisme.<\/strong><\/p>\n<p>[\/et_pb_blurb][\/et_pb_column][\/et_pb_row][\/et_pb_section][et_pb_section fb_built=&#8221;1&#8243; _builder_version=&#8221;4.27.4&#8243; _module_preset=&#8221;default&#8221; global_colors_info=&#8221;{}&#8221;][et_pb_row _builder_version=&#8221;4.27.4&#8243; _module_preset=&#8221;default&#8221; global_colors_info=&#8221;{}&#8221;][et_pb_column type=&#8221;4_4&#8243; _builder_version=&#8221;4.27.4&#8243; _module_preset=&#8221;default&#8221; global_colors_info=&#8221;{}&#8221;][et_pb_toggle title=&#8221;Contact&#8221; open_toggle_text_color=&#8221;#F9C049&#8243; open_toggle_background_color=&#8221;#6B1237&#8243; closed_toggle_text_color=&#8221;#F9C049&#8243; closed_toggle_background_color=&#8221;#6B1237&#8243; icon_color=&#8221;#F9C049&#8243; open_icon_color=&#8221;#F9C049&#8243; _builder_version=&#8221;4.27.4&#8243; _module_preset=&#8221;default&#8221; title_text_color=&#8221;#F9C049&#8243; title_level=&#8221;h1&#8243; title_font=&#8221;&#8211;et_global_body_font|800||on|||||&#8221; title_text_align=&#8221;center&#8221; title_font_size=&#8221;30px&#8221; closed_title_font=&#8221;&#8211;et_global_body_font|800|||||||&#8221; closed_title_text_align=&#8221;center&#8221; closed_title_font_size=&#8221;30px&#8221; body_font=&#8221;&#8211;et_global_body_font|800|||||||&#8221; body_text_color=&#8221;#F9C049&#8243; body_font_size=&#8221;17px&#8221; text_orientation=&#8221;center&#8221; width=&#8221;79.8%&#8221; max_width=&#8221;79%&#8221; module_alignment=&#8221;center&#8221; min_height=&#8221;71.4px&#8221; custom_margin=&#8221;0px|||||&#8221; custom_padding=&#8221;|45px||76px||&#8221; border_style_all=&#8221;none&#8221; border_style_bottom=&#8221;none&#8221; border_color_left=&#8221;#FFFFFF&#8221; border_style_left=&#8221;none&#8221; global_colors_info=&#8221;{}&#8221;]<\/p>\n<p style=\"text-align: center;\"><strong>7 Boulevard Lelasseur, 44000 Nantes<\/strong><\/p>\n<p style=\"text-align: center;\"><strong>06 85 52 30 23<\/strong><\/p>\n<p style=\"text-align: center;\"><span style=\"color: #f9c049;\"><a href=\"kaouenn.service@gmail.com\" style=\"color: #f9c049;\"><b>kaouenn.service@gmail.com<\/b><\/a><\/span><\/p>\n<p>[\/et_pb_toggle][\/et_pb_column][\/et_pb_row][et_pb_row _builder_version=&#8221;4.27.4&#8243; _module_preset=&#8221;default&#8221; global_colors_info=&#8221;{}&#8221;][et_pb_column type=&#8221;4_4&#8243; _builder_version=&#8221;4.27.4&#8243; _module_preset=&#8221;default&#8221; global_colors_info=&#8221;{}&#8221;][et_pb_text _builder_version=&#8221;4.27.4&#8243; _module_preset=&#8221;default&#8221; text_font=&#8221;&#8211;et_global_body_font|800|on||||||&#8221; text_text_color=&#8221;#6B1237&#8243; text_font_size=&#8221;13px&#8221; text_line_height=&#8221;1em&#8221; background_color=&#8221;#FFFFFF&#8221; text_orientation=&#8221;center&#8221; custom_margin=&#8221;-3px|||||&#8221; border_width_top=&#8221;1px&#8221; border_color_top=&#8221;#F9C049&#8243; inline_fonts=&#8221;Open Sans&#8221; global_colors_info=&#8221;{}&#8221;]<\/p>\n<p class=\"cvGsUA direction-ltr align-justify para-style-body\"><span style=\"font-size: small; font-family: 'Open Sans'; font-weight: normal; color: #f9c049;\"><strong><span class=\"OYPEnA font-feature-liga-off font-feature-clig-off font-feature-calt-off text-decoration-none text-strikethrough-none\"><\/span><\/strong><\/span><\/p>\n<p class=\"cvGsUA direction-ltr align-justify para-style-body\"><span style=\"font-size: small; font-family: 'Open Sans'; font-weight: normal; color: #f9c049;\"><strong><span class=\"OYPEnA font-feature-liga-off font-feature-clig-off font-feature-calt-off text-decoration-none text-strikethrough-none\"><\/span><\/strong><\/span><\/p>\n<p class=\"cvGsUA direction-ltr align-justify para-style-body\"><span style=\"font-size: small; font-family: 'Open Sans'; font-weight: normal; color: #f9c049;\"><strong><span class=\"OYPEnA font-feature-liga-off font-feature-clig-off font-feature-calt-off text-decoration-none text-strikethrough-none\">SARL au capital de 1000\u20ac immatricul\u00e9e au R.C.S.<\/span><span class=\"OYPEnA font-feature-liga-off font-feature-clig-off font-feature-calt-off text-decoration-none text-strikethrough-none\">de Nantes sous le n\u00b0939 469 540<\/span><\/strong><\/span><\/p>\n<p class=\"cvGsUA direction-ltr align-justify para-style-body\"><span style=\"font-size: small; font-family: 'Open Sans'; font-weight: normal; color: #f9c049;\"><strong><span class=\"OYPEnA font-feature-liga-off font-feature-clig-off font-feature-calt-off text-decoration-none text-strikethrough-none\">AUT-044-2124-02-20-20250973259<\/span><\/strong><\/span><\/p>\n<p class=\"cvGsUA direction-ltr align-justify para-style-body\"><span class=\"OYPEnA font-feature-liga-off font-feature-clig-off font-feature-calt-off text-decoration-none text-strikethrough-none\"><\/span><span class=\"OYPEnA font-feature-liga-off font-feature-clig-off font-feature-calt-off text-decoration-none text-strikethrough-none\">L&#8217;autorisation d&#8217;exercice ne conf\u00e8re aucune pr\u00e9rogative de puissance publique \u00e0 l&#8217;entreprise ou aux personnes qui en b\u00e9n\u00e9ficient.<\/span><\/p>\n<p>[\/et_pb_text][\/et_pb_column][\/et_pb_row][\/et_pb_section]<\/p>\n","protected":false},"excerpt":{"rendered":"<p>\u00a0Service de S\u00e9curit\u00e9 partag\u00e9e\u00a0 Notre domaine d&#8217;expertise, seule entreprise du grand ouest \u00e0 proposer ce type de prestation. Cette offre est destin\u00e9 au commerce de proximit\u00e9, de jour comme de nuit. Partagez un service de s\u00e9curit\u00e9 avec vos voisins pour une meilleure gestion des \u00e9v\u00e8nements et une globalisation de la s\u00e9curit\u00e9. Devenez acteur de votre [&hellip;]<\/p>\n","protected":false},"author":1,"featured_media":0,"parent":0,"menu_order":0,"comment_status":"closed","ping_status":"closed","template":"","meta":{"_et_pb_use_builder":"on","_et_pb_old_content":"<!-- wp:divi\/placeholder \/-->","_et_gb_content_width":"","footnotes":""},"class_list":["post-20","page","type-page","status-publish","hentry"],"_links":{"self":[{"href":"https:\/\/kaouennservicesecurite.fr\/index.php?rest_route=\/wp\/v2\/pages\/20","targetHints":{"allow":["GET"]}}],"collection":[{"href":"https:\/\/kaouennservicesecurite.fr\/index.php?rest_route=\/wp\/v2\/pages"}],"about":[{"href":"https:\/\/kaouennservicesecurite.fr\/index.php?rest_route=\/wp\/v2\/types\/page"}],"author":[{"embeddable":true,"href":"https:\/\/kaouennservicesecurite.fr\/index.php?rest_route=\/wp\/v2\/users\/1"}],"replies":[{"embeddable":true,"href":"https:\/\/kaouennservicesecurite.fr\/index.php?rest_route=%2Fwp%2Fv2%2Fcomments&post=20"}],"version-history":[{"count":40,"href":"https:\/\/kaouennservicesecurite.fr\/index.php?rest_route=\/wp\/v2\/pages\/20\/revisions"}],"predecessor-version":[{"id":367,"href":"https:\/\/kaouennservicesecurite.fr\/index.php?rest_route=\/wp\/v2\/pages\/20\/revisions\/367"}],"wp:attachment":[{"href":"https:\/\/kaouennservicesecurite.fr\/index.php?rest_route=%2Fwp%2Fv2%2Fmedia&parent=20"}],"curies":[{"name":"wp","href":"https:\/\/api.w.org\/{rel}","templated":true}]}}